{"id":8529,"date":"2025-01-10T14:03:52","date_gmt":"2025-01-10T17:03:52","guid":{"rendered":"https:\/\/acuatico.ticketantu.cl\/?post_type=product&#038;p=8529"},"modified":"2025-02-15T08:54:46","modified_gmt":"2025-02-15T11:54:46","slug":"sabado-15-de-febrero","status":"publish","type":"product","link":"https:\/\/acuatico.ticketantu.cl\/index.php\/producto\/sabado-15-de-febrero\/","title":{"rendered":"Sabado 15 de Febrero"},"content":{"rendered":"<p>\u00a1Prep\u00e1rate para la nueva temporada en el Parque Acu\u00e1tico Antu!<\/p>\n<p><b>Entrada v\u00e1lida para 1 persona.<\/b><\/p>\n<p>Ven a disfrutar de Parque Acuatico Antu de Quill\u00f3n.<br \/>\nNos encontramos ubicados en Camino a Cerro Negro KM 6,5 Quill\u00f3n, Regi\u00f3n de \u00d1uble<\/p>\n<p><strong>HORARIO RECINTO<\/strong><\/p>\n<p>18:30 Cierre de Piscinas<\/p>\n<p>19:00 Cierre de Recinto<\/p>\n<p><strong>19:30 Cierre total recinto incluido estacionamiento<\/strong><\/p>\n<p>\u2014\u2014\u2014-<\/p>\n<p>Ante cualquier duda escribenos a Whatsapp +56990018627<br \/>\ncontacto@parqueacuaticoantu.cl<\/p>\n<p>\u2014\u2014\u2014-<\/p>\n<p>Piscina Adultos, Piscina Infantil, Grandes Toboganes, Patio de Comida y Heladeria Savory.<\/p>\n","protected":false},"excerpt":{"rendered":"<p>\u00a1Prep\u00e1rate para la nueva temporada en el Parque Acu\u00e1tico Antu! Entrada v\u00e1lida para 1 persona. Ven a disfrutar de Parque Acuatico Antu de Quill\u00f3n. Nos encontramos ubicados en Camino a&hellip;<\/p>\n","protected":false},"author":3,"featured_media":67,"template":"","meta":[],"product_brand":[],"product_cat":[],"product_tag":[],"class_list":{"0":"post-8529","1":"product","2":"type-product","3":"status-publish","4":"has-post-thumbnail","7":"first","8":"instock","9":"shipping-taxable","10":"product-type-variable"},"_links":{"self":[{"href":"https:\/\/acuatico.ticketantu.cl\/index.php\/wp-json\/wp\/v2\/product\/8529","targetHints":{"allow":["GET"]}}],"collection":[{"href":"https:\/\/acuatico.ticketantu.cl\/index.php\/wp-json\/wp\/v2\/product"}],"about":[{"href":"https:\/\/acuatico.ticketantu.cl\/index.php\/wp-json\/wp\/v2\/types\/product"}],"author":[{"embeddable":true,"href":"https:\/\/acuatico.ticketantu.cl\/index.php\/wp-json\/wp\/v2\/users\/3"}],"wp:featuredmedia":[{"embeddable":true,"href":"https:\/\/acuatico.ticketantu.cl\/index.php\/wp-json\/wp\/v2\/media\/67"}],"wp:attachment":[{"href":"https:\/\/acuatico.ticketantu.cl\/index.php\/wp-json\/wp\/v2\/media?parent=8529"}],"wp:term":[{"taxonomy":"product_brand","embeddable":true,"href":"https:\/\/acuatico.ticketantu.cl\/index.php\/wp-json\/wp\/v2\/product_brand?post=8529"},{"taxonomy":"product_cat","embeddable":true,"href":"https:\/\/acuatico.ticketantu.cl\/index.php\/wp-json\/wp\/v2\/product_cat?post=8529"},{"taxonomy":"product_tag","embeddable":true,"href":"https:\/\/acuatico.ticketantu.cl\/index.php\/wp-json\/wp\/v2\/product_tag?post=8529"}],"curies":[{"name":"wp","href":"https:\/\/api.w.org\/{rel}","templated":true}]}}